{"id":17699,"date":"2025-10-25T19:33:28","date_gmt":"2025-10-25T17:33:28","guid":{"rendered":"https:\/\/cathbookingsystem.com\/?page_id=17699"},"modified":"2025-10-29T15:51:01","modified_gmt":"2025-10-29T14:51:01","slug":"appartements","status":"publish","type":"page","link":"https:\/\/cathbookingsystem.com\/?page_id=17699","title":{"rendered":"Miel Pur du Cameroun"},"content":{"rendered":"\t\t<div data-elementor-type=\"wp-page\" data-elementor-id=\"17699\" class=\"elementor elementor-17699\">\n\t\t\t\t<div class=\"elementor-element elementor-element-045559c e-flex e-con-boxed e-con e-parent\" data-id=\"045559c\" data-element_type=\"container\">\n\t\t\t\t\t<div class=\"e-con-inner\">\n\t\t<div class=\"elementor-element elementor-element-dfe21c1 e-con-full e-flex e-con e-child\" data-id=\"dfe21c1\" data-element_type=\"container\">\n\t\t\t\t<div class=\"elementor-element elementor-element-2b2aae9 elementor-widget elementor-widget-heading\" data-id=\"2b2aae9\" data-element_type=\"widget\" data-widget_type=\"heading.default\">\n\t\t\t\t\t<h2 class=\"elementor-heading-title elementor-size-default\">Miel Naturel<\/h2>\t\t\t\t<\/div>\n\t\t\t\t<\/div>\n\t\t\t\t\t<\/div>\n\t\t\t\t<\/div>\n\t\t<div class=\"elementor-element elementor-element-f4ae94c e-grid e-con-boxed e-con e-parent\" data-id=\"f4ae94c\" data-element_type=\"container\">\n\t\t\t\t\t<div class=\"e-con-inner\">\n\t\t\t\t<div class=\"elementor-element elementor-element-a2e2e6a animated-slow elementor-invisible elementor-widget elementor-widget-image\" data-id=\"a2e2e6a\" data-element_type=\"widget\" data-settings=\"{&quot;_animation&quot;:&quot;zoomIn&quot;}\" data-widget_type=\"image.default\">\n\t\t\t\t\t\t\t\t\t\t\t\t\t\t\t<img fetchpriority=\"high\" decoding=\"async\" width=\"245\" height=\"206\" src=\"https:\/\/cathbookingsystem.com\/wp-content\/uploads\/2025\/10\/images.jpeg\" class=\"attachment-large size-large wp-image-17775\" alt=\"\" srcset=\"\" \/>\t\t\t\t\t\t\t\t\t\t\t\t\t\t\t<\/div>\n\t\t\t\t<div class=\"elementor-element elementor-element-9958734 elementor-invisible elementor-widget elementor-widget-image\" data-id=\"9958734\" data-element_type=\"widget\" data-settings=\"{&quot;_animation&quot;:&quot;zoomIn&quot;}\" data-widget_type=\"image.default\">\n\t\t\t\t\t\t\t\t\t\t\t\t\t\t\t<img decoding=\"async\" width=\"300\" height=\"168\" src=\"https:\/\/cathbookingsystem.com\/wp-content\/uploads\/2025\/10\/images-3.jpeg\" class=\"attachment-full size-full wp-image-17778\" alt=\"\" srcset=\"\" \/>\t\t\t\t\t\t\t\t\t\t\t\t\t\t\t<\/div>\n\t\t\t\t<div class=\"elementor-element elementor-element-8c7b4fe animated-slow elementor-invisible elementor-widget elementor-widget-image\" data-id=\"8c7b4fe\" data-element_type=\"widget\" data-settings=\"{&quot;_animation&quot;:&quot;rotateInDownRight&quot;}\" data-widget_type=\"image.default\">\n\t\t\t\t\t\t\t\t\t\t\t\t\t\t\t<img decoding=\"async\" width=\"202\" height=\"250\" src=\"https:\/\/cathbookingsystem.com\/wp-content\/uploads\/2025\/10\/images-1-1.jpeg\" class=\"attachment-large size-large wp-image-17780\" alt=\"\" srcset=\"\" \/>\t\t\t\t\t\t\t\t\t\t\t\t\t\t\t<\/div>\n\t\t\t\t\t<\/div>\n\t\t\t\t<\/div>\n\t\t<div class=\"elementor-element elementor-element-707baf1 e-flex e-con-boxed e-con e-parent\" data-id=\"707baf1\" data-element_type=\"container\">\n\t\t\t\t\t<div class=\"e-con-inner\">\n\t\t\t\t<div class=\"elementor-element elementor-element-2331b10 elementor-widget elementor-widget-houzez_elementor_section_title\" data-id=\"2331b10\" data-element_type=\"widget\" data-widget_type=\"houzez_elementor_section_title.default\">\n\t\t\t\t<div class=\"elementor-widget-container\">\n\t\t\t\t\t            <div class=\"houzez_section_title_wrap section-title-module\">\n                                    <h2 class=\"houzez_section_title\">Commandez Ici<\/h2>\n                \n                            <\/div>\n            \t\t\t\t<\/div>\n\t\t\t\t<\/div>\n\t\t\t\t\t<\/div>\n\t\t\t\t<\/div>\n\t\t<div class=\"elementor-element elementor-element-8181b16 e-flex e-con-boxed e-con e-parent\" data-id=\"8181b16\" data-element_type=\"container\">\n\t\t\t\t\t<div class=\"e-con-inner\">\n\t\t\t\t<div class=\"elementor-element elementor-element-96b1bb4 elementor-button-align-stretch elementor-widget elementor-widget-houzez_elementor_contact_form\" data-id=\"96b1bb4\" data-element_type=\"widget\" data-widget_type=\"houzez_elementor_contact_form.default\">\n\t\t\t\t<div class=\"elementor-widget-container\">\n\t\t\t\t\t\n        <script type=\"application\/javascript\">\n            jQuery(document).bind(\"ready\", function () {\n                houzezValidateElementor(\"#houzez-form-96b1bb4\" );\n            });\n        <\/script>\n\n        <form class=\"elementor-form houzez-ele-form-js\" id=\"houzez-form-96b1bb4\" method=\"post\" name=\"New Form\" action=\"https:\/\/cathbookingsystem.com\/wp-admin\/admin-ajax.php\">\n            <input type=\"hidden\" name=\"form_id\" value=\"96b1bb4\"\/>\n            <input type=\"hidden\" name=\"houzez_contact_form\" value=\"yes\"\/>\n            <input type=\"hidden\" name=\"action\" value=\"houzez_ele_contact_form\" \/>\n            <input type=\"hidden\" name=\"source_link\" value=\"https:\/\/cathbookingsystem.com\/?page_id=17699\" \/>\n            <input type=\"hidden\" name=\"lead_page_id\" value=\"17699\" \/>\n            <input type=\"hidden\" name=\"webhook\" value=\"false\" \/>\n            <input type=\"hidden\" name=\"webhook_url\" value=\"\" \/>\n            <input type=\"hidden\" name=\"redirect_to\" value=\"\" \/>\n            <input type=\"hidden\" name=\"google_recaptcha\" value=\"false\" \/>\n            \n\n            <div class=\"elementor-form-fields-wrapper elementor-labels-above\">\n\n                                    <div class=\"elementor-field-group elementor-column form-group elementor-field-group-name elementor-col-100\">\n                    <label for=\"form-field-name\" class=\"form-label elementor-field-label\">pr\u00e9nom<\/label><input type=\"text\" name=\"name\" id=\"form-field-name\" class=\"elementor-field form-control elementor-size-sm elementor-field-textual\" placeholder=\"pr\u00e9nom\" title=\"* pr\u00e9nom\">                    <\/div>\n\n                                        <div class=\"elementor-field-group elementor-column form-group elementor-field-group-message elementor-col-100\">\n                    <label for=\"form-field-message\" class=\"form-label elementor-field-label\">Message<\/label><textarea class=\"elementor-field-textual elementor-field elementor-size-sm\" name=\"message\" id=\"form-field-message\" rows=\"4\" placeholder=\"Passez votre Commande\"><\/textarea>                    <\/div>\n\n                    \n                    \n                    \n                    \n                    <div class=\"elementor-field-group elementor-column elementor-field-type-submit elementor-col-100\">\n                    <button type=\"submit\" class=\"houzez-submit-button houzez-contact-form-js elementor-button elementor-size-sm\">\n                        <i class=\"houzez-loader-js houzez-hidden spinner-border spinner-border-sm\"><\/i>\n                                                    Soumettre                                            <\/button>\n                <\/div>\n            <\/div><!-- End wrapper-->\n            <br\/>\n            <div class=\"ele-form-messages\"><\/div>\n            <div class=\"error-container\"><\/div>\n\n        <\/form>\n\n    \t\t\t\t<\/div>\n\t\t\t\t<\/div>\n\t\t\t\t\t<\/div>\n\t\t\t\t<\/div>\n\t\t<div class=\"elementor-element elementor-element-af99469 e-flex e-con-boxed e-con e-parent\" data-id=\"af99469\" data-element_type=\"container\">\n\t\t\t\t\t<div class=\"e-con-inner\">\n\t\t\t\t<div class=\"elementor-element elementor-element-859a2e8 elementor-widget elementor-widget-houzez_elementor_testimonials\" data-id=\"859a2e8\" data-element_type=\"widget\" data-widget_type=\"houzez_elementor_testimonials.default\">\n\t\t\t\t<div class=\"elementor-widget-container\">\n\t\t\t\t\t\n            <div class=\"testimonials-module testimonials-module-v1\">\n                <div class=\"row\">\n                    \n                            <div class=\"col-md-3 col-sm-6\">\n                                <div class=\"testimonial-item testimonial-item-v1 text-center mb-4\">\n\n\t        <div class=\"testimonial-thumb mb-2\">\n            <img loading=\"lazy\" decoding=\"async\" width=\"60\" height=\"57\" src=\"https:\/\/cathbookingsystem.com\/wp-content\/uploads\/2020\/02\/shacking-hands.png\" class=\"img-fluid rounded-circle\" alt=\"\" \/>        <\/div>\n    \n\t\n\t<div class=\"testimonial-body mb-2\">\n\t\tMerci d'acepter le paiement en monaie num\u00e9rique Pi et le confort est \u00e0 la hauteur chez vous\t<\/div><!-- testimonial-body -->\n\t<div class=\"testimonial-info\">\n\t\t<strong class=\"testimonial-name\">Christian<\/strong><br>\n\t\t<em class=\"testimonial-job\">Manager<\/em>\n\t<\/div><!-- testimonial-info -->\n<\/div><!-- testimonial-item -->                            <\/div>\n                    \n                            <div class=\"col-md-3 col-sm-6\">\n                                <div class=\"testimonial-item testimonial-item-v1 text-center mb-4\">\n\n\t        <div class=\"testimonial-thumb mb-2\">\n            <img loading=\"lazy\" decoding=\"async\" width=\"60\" height=\"60\" src=\"https:\/\/cathbookingsystem.com\/wp-content\/uploads\/2020\/02\/people-1.png\" class=\"img-fluid rounded-circle\" alt=\"\" \/>        <\/div>\n    \n\t\n\t<div class=\"testimonial-body mb-2\">\n\t\tJ'ai \u00e9t\u00e9 satisfaite par votre qualit\u00e9 de service\t<\/div><!-- testimonial-body -->\n\t<div class=\"testimonial-info\">\n\t\t<strong class=\"testimonial-name\">Sophie<\/strong><br>\n\t\t<em class=\"testimonial-job\">Entrepreneur<\/em>\n\t<\/div><!-- testimonial-info -->\n<\/div><!-- testimonial-item -->                            <\/div>\n                    \n                            <div class=\"col-md-3 col-sm-6\">\n                                <div class=\"testimonial-item testimonial-item-v1 text-center mb-4\">\n\n\t        <div class=\"testimonial-thumb mb-2\">\n            <img loading=\"lazy\" decoding=\"async\" width=\"60\" height=\"60\" src=\"https:\/\/cathbookingsystem.com\/wp-content\/uploads\/2020\/02\/donut-chart-1.png\" class=\"img-fluid rounded-circle\" alt=\"\" \/>        <\/div>\n    \n\t\n\t<div class=\"testimonial-body mb-2\">\n\t\tVous avez un personnel impeccable\t<\/div><!-- testimonial-body -->\n\t<div class=\"testimonial-info\">\n\t\t<strong class=\"testimonial-name\">Rachelle<\/strong><br>\n\t\t<em class=\"testimonial-job\">Influenceuse<\/em>\n\t<\/div><!-- testimonial-info -->\n<\/div><!-- testimonial-item -->                            <\/div>\n                    \n                            <div class=\"col-md-3 col-sm-6\">\n                                <div class=\"testimonial-item testimonial-item-v1 text-center mb-4\">\n\n\t        <div class=\"testimonial-thumb mb-2\">\n            <img loading=\"lazy\" decoding=\"async\" width=\"150\" height=\"150\" src=\"https:\/\/cathbookingsystem.com\/wp-content\/uploads\/2025\/10\/images.png\" class=\"img-fluid rounded-circle\" alt=\"\" \/>        <\/div>\n    \n\t\n\t<div class=\"testimonial-body mb-2\">\n\t\tMer\u00e7i d'accepter le paiement en Pi\t<\/div><!-- testimonial-body -->\n\t<div class=\"testimonial-info\">\n\t\t<strong class=\"testimonial-name\">Jos\u00e9e<\/strong><br>\n\t\t<em class=\"testimonial-job\">PDG<\/em>\n\t<\/div><!-- testimonial-info -->\n<\/div><!-- testimonial-item -->                            <\/div>\n                                    <\/div>\n            <\/div><!-- testimonials-module -->\n\n        \n\n        \t\t\t\t<\/div>\n\t\t\t\t<\/div>\n\t\t\t\t\t<\/div>\n\t\t\t\t<\/div>\n\t\t\t\t<\/div>\n\t\t","protected":false},"excerpt":{"rendered":"<p>Miel Naturel Commandez Ici pr\u00e9nom Message Soumettre Merci d&#8217;acepter le paiement en monaie num\u00e9rique Pi et le confort est \u00e0 la hauteur chez vous Christian Manager J&#8217;ai \u00e9t\u00e9 satisfaite par votre qualit\u00e9 de service Sophie Entrepreneur Vous avez un personnel impeccable Rachelle Influenceuse Mer\u00e7i d&#8217;accepter le paiement en Pi Jos\u00e9e PDG<\/p>\n","protected":false},"author":1,"featured_media":17775,"parent":0,"menu_order":0,"comment_status":"open","ping_status":"closed","template":"","meta":{"content-type":"","footnotes":""},"class_list":["post-17699","page","type-page","status-publish","has-post-thumbnail","hentry"],"_links":{"self":[{"href":"https:\/\/cathbookingsystem.com\/index.php?rest_route=\/wp\/v2\/pages\/17699","targetHints":{"allow":["GET"]}}],"collection":[{"href":"https:\/\/cathbookingsystem.com\/index.php?rest_route=\/wp\/v2\/pages"}],"about":[{"href":"https:\/\/cathbookingsystem.com\/index.php?rest_route=\/wp\/v2\/types\/page"}],"author":[{"embeddable":true,"href":"https:\/\/cathbookingsystem.com\/index.php?rest_route=\/wp\/v2\/users\/1"}],"replies":[{"embeddable":true,"href":"https:\/\/cathbookingsystem.com\/index.php?rest_route=%2Fwp%2Fv2%2Fcomments&post=17699"}],"version-history":[{"count":11,"href":"https:\/\/cathbookingsystem.com\/index.php?rest_route=\/wp\/v2\/pages\/17699\/revisions"}],"predecessor-version":[{"id":17789,"href":"https:\/\/cathbookingsystem.com\/index.php?rest_route=\/wp\/v2\/pages\/17699\/revisions\/17789"}],"wp:featuredmedia":[{"embeddable":true,"href":"https:\/\/cathbookingsystem.com\/index.php?rest_route=\/wp\/v2\/media\/17775"}],"wp:attachment":[{"href":"https:\/\/cathbookingsystem.com\/index.php?rest_route=%2Fwp%2Fv2%2Fmedia&parent=17699"}],"curies":[{"name":"wp","href":"https:\/\/api.w.org\/{rel}","templated":true}]}}